{"id":3356,"date":"2017-08-16T18:48:44","date_gmt":"2017-08-16T18:48:44","guid":{"rendered":"https:\/\/contenedoresics.com\/2017\/?page_id=3356"},"modified":"2022-08-01T16:44:28","modified_gmt":"2022-08-01T22:44:28","slug":"usos","status":"publish","type":"page","link":"https:\/\/contenedoresics.com\/en\/usos\/","title":{"rendered":"Uses"},"content":{"rendered":"<section class=\"wpb-content-wrapper\"><div id=\"fb-root\"><\/div>\n<div class=\"vc_row wpb_row vc_row-fluid usos container wpb_animate_when_almost_visible wpb_fadeIn fadeIn vc_custom_1628706163471\"><div class=\"usos wpb_column vc_column_container vc_col-sm-6\"><div class=\"vc_column-inner vc_custom_1659393866205\"><div class=\"wpb_wrapper\"><div class=\"ts-list-style\"><h4><\/h4><ul><li><span style=\"color:#737373;\"><i class=\"fa fa-check\"><\/i><\/span><a href=\"##\">Module housing<\/a><\/li><li><span style=\"color:#737373;\"><i class=\"fa fa-check\"><\/i><\/span><a href=\"##\">Modules Offices<\/a><\/li><li><span style=\"color:#737373;\"><i class=\"fa fa-check\"><\/i><\/span><a href=\"##\">Modules for dining rooms<\/a><\/li><li><span style=\"color:#737373;\"><i class=\"fa fa-check\"><\/i><\/span><a href=\"##\">Modules for walk-in Closets<\/a><\/li><li><span style=\"color:#737373;\"><i class=\"fa fa-check\"><\/i><\/span><a href=\"##\">Modules for bedrooms<\/a><\/li><li><span style=\"color:#737373;\"><i class=\"fa fa-check\"><\/i><\/span><a href=\"##\">Modules school<\/a><\/li><li><span style=\"color:#737373;\"><i class=\"fa fa-check\"><\/i><\/span><a href=\"##\">Modules Laundry<\/a><\/li><li><span style=\"color:#737373;\"><i class=\"fa fa-check\"><\/i><\/span><a href=\"##\">Moving<\/a><\/li><li><span style=\"color:#737373;\"><i class=\"fa fa-check\"><\/i><\/span><a href=\"##\">Storage goods dry, refrigerated<\/a><\/li><li><span style=\"color:#737373;\"><i class=\"fa fa-check\"><\/i><\/span><a href=\"##\">Storage on site<\/a><\/li><li><span style=\"color:#737373;\"><i class=\"fa fa-check\"><\/i><\/span><a href=\"##\">Storage events<\/a><\/li><li><span style=\"color:#737373;\"><i class=\"fa fa-check\"><\/i><\/span><a href=\"##\">Points of Sales<\/a><\/li><li><span style=\"color:#737373;\"><i class=\"fa fa-check\"><\/i><\/span><a href=\"##\">Containers for files<\/a><\/li><li><span style=\"color:#737373;\"><i class=\"fa fa-check\"><\/i><\/span><a href=\"##\">Containers for storage<\/a><\/li><li><span style=\"color:#737373;\"><i class=\"fa fa-check\"><\/i><\/span><a href=\"##\">Containers to make advertising campaigns<\/a><\/li><li><span style=\"color:#737373;\"><i class=\"fa fa-check\"><\/i><\/span><a href=\"##\">Shelters for Telecommunications<\/a><\/li><li><span style=\"color:#737373;\"><i class=\"fa fa-check\"><\/i><\/span><a href=\"##\">Workshops, Banks, laboratories<\/a><\/li><\/ul><\/div><\/div><\/div><\/div><div class=\"wpb_column vc_column_container vc_col-sm-6\"><div class=\"vc_column-inner vc_custom_1502995874225\"><div class=\"wpb_wrapper\">\n\t<div class=\"wpb_video_widget wpb_content_element vc_clearfix  wpb_animate_when_almost_visible wpb_fadeIn fadeIn  vc_video-aspect-ratio-169 vc_video-el-width-100 vc_video-align-center\" >\n\t\t<div class=\"wpb_wrapper\">\n\t\t\t\n\t\t\t<div class=\"wpb_video_wrapper\"><iframe width=\"960\" height=\"540\" src=\"https:\/\/www.youtube.com\/embed\/ulcGDVGlZxM?feature=oembed\" frameborder=\"0\" allowfullscreen><\/iframe><\/div>\n\t\t<\/div>\n\t<\/div>\n\n\t<div class=\"wpb_video_widget wpb_content_element vc_clearfix  wpb_animate_when_almost_visible wpb_fadeIn fadeIn  vc_video-aspect-ratio-169 vc_video-el-width-100 vc_video-align-center\" >\n\t\t<div class=\"wpb_wrapper\">\n\t\t\t\n\t\t\t<div class=\"wpb_video_wrapper\"><iframe width=\"960\" height=\"540\" src=\"https:\/\/www.youtube.com\/embed\/4drX256QV_Y?feature=oembed\" frameborder=\"0\" allowfullscreen><\/iframe><\/div>\n\t\t<\/div>\n\t<\/div>\n<\/div><\/div><\/div><\/div><div class=\"vc_row wpb_row vc_row-fluid container vc_custom_1628706171553\"><div class=\"wpb_column vc_column_container vc_col-sm-12\"><div class=\"vc_column-inner\"><div class=\"wpb_wrapper\">\n\t<div class=\"wpb_text_column wpb_content_element\" >\n\t\t<div class=\"wpb_wrapper\">\n\t\t\t<h3 style=\"text-align: center;\">Examples:<\/h3>\n\n\t\t<\/div>\n\t<\/div>\n<div class=\"vc_row wpb_row vc_inner vc_row-fluid\"><div class=\"wpb_column vc_column_container vc_col-sm-4\"><div class=\"vc_column-inner\"><div class=\"wpb_wrapper\">\n\t<div  class=\"wpb_single_image wpb_content_element vc_align_center  wpb_animate_when_almost_visible wpb_fadeIn fadeIn\">\n\t\t\n\t\t<figure class=\"wpb_wrapper vc_figure\">\n\t\t\t<a class=\"\" data-lightbox=\"lightbox[rel-3356-4158790808]\" href=\"https:\/\/contenedoresics.com\/wp-content\/uploads\/2017\/08\/container-house.jpg\" target=\"_self\"><img width=\"460\" height=\"160\" src=\"https:\/\/contenedoresics.com\/wp-content\/uploads\/2017\/08\/container-house.jpg\" class=\"vc_single_image-img attachment-full\" alt=\"\" decoding=\"async\" loading=\"lazy\" title=\"container-house\" srcset=\"https:\/\/contenedoresics.com\/wp-content\/uploads\/2017\/08\/container-house.jpg 460w, https:\/\/contenedoresics.com\/wp-content\/uploads\/2017\/08\/container-house-300x104.jpg 300w, https:\/\/contenedoresics.com\/wp-content\/uploads\/2017\/08\/container-house-18x6.jpg 18w\" sizes=\"(max-width: 460px) 100vw, 460px\" \/><\/a>\n\t\t<\/figure>\n\t<\/div>\n<\/div><\/div><\/div><div class=\"wpb_column vc_column_container vc_col-sm-4\"><div class=\"vc_column-inner\"><div class=\"wpb_wrapper\">\n\t<div  class=\"wpb_single_image wpb_content_element vc_align_center  wpb_animate_when_almost_visible wpb_fadeIn fadeIn\">\n\t\t\n\t\t<figure class=\"wpb_wrapper vc_figure\">\n\t\t\t<a class=\"\" data-lightbox=\"lightbox[rel-3356-1943421444]\" href=\"https:\/\/contenedoresics.com\/wp-content\/uploads\/2017\/08\/container-swimming-pool.jpg\" target=\"_self\"><img width=\"460\" height=\"160\" src=\"https:\/\/contenedoresics.com\/wp-content\/uploads\/2017\/08\/container-swimming-pool.jpg\" class=\"vc_single_image-img attachment-full\" alt=\"\" decoding=\"async\" loading=\"lazy\" title=\"container-swimming-pool\" srcset=\"https:\/\/contenedoresics.com\/wp-content\/uploads\/2017\/08\/container-swimming-pool.jpg 460w, https:\/\/contenedoresics.com\/wp-content\/uploads\/2017\/08\/container-swimming-pool-300x104.jpg 300w, https:\/\/contenedoresics.com\/wp-content\/uploads\/2017\/08\/container-swimming-pool-18x6.jpg 18w\" sizes=\"(max-width: 460px) 100vw, 460px\" \/><\/a>\n\t\t<\/figure>\n\t<\/div>\n<\/div><\/div><\/div><div class=\"wpb_column vc_column_container vc_col-sm-4\"><div class=\"vc_column-inner\"><div class=\"wpb_wrapper\">\n\t<div  class=\"wpb_single_image wpb_content_element vc_align_center  wpb_animate_when_almost_visible wpb_fadeIn fadeIn\">\n\t\t\n\t\t<figure class=\"wpb_wrapper vc_figure\">\n\t\t\t<a class=\"\" data-lightbox=\"lightbox[rel-3356-993167641]\" href=\"https:\/\/contenedoresics.com\/wp-content\/uploads\/2017\/08\/container-office.jpg\" target=\"_self\"><img width=\"460\" height=\"160\" src=\"https:\/\/contenedoresics.com\/wp-content\/uploads\/2017\/08\/container-office.jpg\" class=\"vc_single_image-img attachment-full\" alt=\"\" decoding=\"async\" loading=\"lazy\" title=\"container-office\" srcset=\"https:\/\/contenedoresics.com\/wp-content\/uploads\/2017\/08\/container-office.jpg 460w, https:\/\/contenedoresics.com\/wp-content\/uploads\/2017\/08\/container-office-300x104.jpg 300w, https:\/\/contenedoresics.com\/wp-content\/uploads\/2017\/08\/container-office-18x6.jpg 18w\" sizes=\"(max-width: 460px) 100vw, 460px\" \/><\/a>\n\t\t<\/figure>\n\t<\/div>\n<\/div><\/div><\/div><\/div><\/div><\/div><\/div><\/div>\n<\/section>","protected":false},"excerpt":{"rendered":"M\u00f3dulo habitacionalM\u00f3dulos de OficinasM\u00f3dulos para comedoresM\u00f3dulos para VestidoresM\u00f3dulos para dormitoriosM\u00f3dulos escolaresM\u00f3dulos de LavanderiaMudanzasAlmacenaje mercanc\u00eda seca como refrigeradaAlmacenaje en obraAlmacenaje en eventosPuntos de VentasContenedores para archivosContenedores para guardamueblesContenedores para hacer campa\u00f1as publicitariasShelters para TelecomunicacionesTalleres, Bancos, laboratorios Ejemplos:","protected":false},"author":1,"featured_media":3358,"parent":0,"menu_order":0,"comment_status":"closed","ping_status":"closed","template":"templates\/fullwidth-template.php","meta":[],"yoast_head":"<!-- This site is optimized with the Yoast SEO plugin v19.10 - https:\/\/yoast.com\/wordpress\/plugins\/seo\/ -->\n<title>Usos - Contenedores ICS - Intermodal &amp; Containers Service<\/title>\n<meta name=\"description\" content=\"Usos - Venta y Alquiler de Contenedores Secos, Refrigerados, Nuevos, Usados, casas, ofinas, apartamentos, Costa Rica, Contenedores ICS.\" \/>\n<meta name=\"robots\" content=\"index, follow, max-snippet:-1, max-image-preview:large, max-video-preview:-1\" \/>\n<link rel=\"canonical\" href=\"https:\/\/contenedoresics.com\/en\/usos\/\" \/>\n<meta property=\"og:locale\" content=\"en_US\" \/>\n<meta property=\"og:type\" content=\"article\" \/>\n<meta property=\"og:title\" content=\"Usos - Contenedores ICS - Intermodal &amp; Containers Service\" \/>\n<meta property=\"og:description\" content=\"Usos - Venta y Alquiler de Contenedores Secos, Refrigerados, Nuevos, Usados, casas, ofinas, apartamentos, Costa Rica, Contenedores ICS.\" \/>\n<meta property=\"og:url\" content=\"https:\/\/contenedoresics.com\/en\/usos\/\" \/>\n<meta property=\"og:site_name\" content=\"Contenedores ICS - Intermodal &amp; Containers Service\" \/>\n<meta property=\"article:publisher\" content=\"https:\/\/www.facebook.com\/contenedoresCR\/\" \/>\n<meta property=\"article:modified_time\" content=\"2022-08-01T22:44:28+00:00\" \/>\n<meta property=\"og:image\" content=\"https:\/\/contenedoresics.com\/wp-content\/uploads\/2017\/08\/USOS.jpg\" \/>\n\t<meta property=\"og:image:width\" content=\"1920\" \/>\n\t<meta property=\"og:image:height\" content=\"480\" \/>\n\t<meta property=\"og:image:type\" content=\"image\/jpeg\" \/>\n<meta name=\"twitter:card\" content=\"summary_large_image\" \/>\n<meta name=\"twitter:site\" content=\"@Contenedores_IC\" \/>\n<meta name=\"twitter:label1\" content=\"Est. reading time\" \/>\n\t<meta name=\"twitter:data1\" content=\"1 minute\" \/>\n<script type=\"application\/ld+json\" class=\"yoast-schema-graph\">{\"@context\":\"https:\/\/schema.org\",\"@graph\":[{\"@type\":\"WebPage\",\"@id\":\"https:\/\/contenedoresics.com\/usos\/\",\"url\":\"https:\/\/contenedoresics.com\/usos\/\",\"name\":\"Usos - Contenedores ICS - Intermodal &amp; Containers Service\",\"isPartOf\":{\"@id\":\"https:\/\/contenedoresics.com\/#website\"},\"datePublished\":\"2017-08-16T18:48:44+00:00\",\"dateModified\":\"2022-08-01T22:44:28+00:00\",\"description\":\"Usos - Venta y Alquiler de Contenedores Secos, Refrigerados, Nuevos, Usados, casas, ofinas, apartamentos, Costa Rica, Contenedores ICS.\",\"breadcrumb\":{\"@id\":\"https:\/\/contenedoresics.com\/usos\/#breadcrumb\"},\"inLanguage\":\"en-US\",\"potentialAction\":[{\"@type\":\"ReadAction\",\"target\":[\"https:\/\/contenedoresics.com\/usos\/\"]}]},{\"@type\":\"BreadcrumbList\",\"@id\":\"https:\/\/contenedoresics.com\/usos\/#breadcrumb\",\"itemListElement\":[{\"@type\":\"ListItem\",\"position\":1,\"name\":\"Portada\",\"item\":\"https:\/\/contenedoresics.com\/\"},{\"@type\":\"ListItem\",\"position\":2,\"name\":\"Usos\"}]},{\"@type\":\"WebSite\",\"@id\":\"https:\/\/contenedoresics.com\/#website\",\"url\":\"https:\/\/contenedoresics.com\/\",\"name\":\"Contenedores ICS - Intermodal &amp; Containers Service\",\"description\":\"Venta y Alquiler de Contenedores Secos, Refrigerados, Nuevos, Usados, casas, ofinas, apartamentos, Costa Rica, Contenedores ICS. Contenedores Costa Rica\",\"publisher\":{\"@id\":\"https:\/\/contenedoresics.com\/#organization\"},\"potentialAction\":[{\"@type\":\"SearchAction\",\"target\":{\"@type\":\"EntryPoint\",\"urlTemplate\":\"https:\/\/contenedoresics.com\/?s={search_term_string}\"},\"query-input\":\"required name=search_term_string\"}],\"inLanguage\":\"en-US\"},{\"@type\":\"Organization\",\"@id\":\"https:\/\/contenedoresics.com\/#organization\",\"name\":\"Intermodal & Containers Service, S.A.\",\"url\":\"https:\/\/contenedoresics.com\/\",\"logo\":{\"@type\":\"ImageObject\",\"inLanguage\":\"en-US\",\"@id\":\"https:\/\/contenedoresics.com\/#\/schema\/logo\/image\/\",\"url\":\"https:\/\/contenedoresics.com\/wp-content\/uploads\/2017\/08\/logo-contenedores-ics-02.png\",\"contentUrl\":\"https:\/\/contenedoresics.com\/wp-content\/uploads\/2017\/08\/logo-contenedores-ics-02.png\",\"width\":219,\"height\":81,\"caption\":\"Intermodal & Containers Service, S.A.\"},\"image\":{\"@id\":\"https:\/\/contenedoresics.com\/#\/schema\/logo\/image\/\"},\"sameAs\":[\"https:\/\/www.instagram.com\/contenedores_ics\/\",\"https:\/\/www.facebook.com\/contenedoresCR\/\",\"https:\/\/twitter.com\/Contenedores_IC\"]}]}<\/script>\n<!-- \/ Yoast SEO plugin. -->","yoast_head_json":{"title":"Usos - Contenedores ICS - Intermodal &amp; Containers Service","description":"Usos - Venta y Alquiler de Contenedores Secos, Refrigerados, Nuevos, Usados, casas, ofinas, apartamentos, Costa Rica, Contenedores ICS.","robots":{"index":"index","follow":"follow","max-snippet":"max-snippet:-1","max-image-preview":"max-image-preview:large","max-video-preview":"max-video-preview:-1"},"canonical":"https:\/\/contenedoresics.com\/en\/usos\/","og_locale":"en_US","og_type":"article","og_title":"Usos - Contenedores ICS - Intermodal &amp; Containers Service","og_description":"Usos - Venta y Alquiler de Contenedores Secos, Refrigerados, Nuevos, Usados, casas, ofinas, apartamentos, Costa Rica, Contenedores ICS.","og_url":"https:\/\/contenedoresics.com\/en\/usos\/","og_site_name":"Contenedores ICS - Intermodal &amp; Containers Service","article_publisher":"https:\/\/www.facebook.com\/contenedoresCR\/","article_modified_time":"2022-08-01T22:44:28+00:00","og_image":[{"width":1920,"height":480,"url":"https:\/\/contenedoresics.com\/wp-content\/uploads\/2017\/08\/USOS.jpg","type":"image\/jpeg"}],"twitter_card":"summary_large_image","twitter_site":"@Contenedores_IC","twitter_misc":{"Est. reading time":"1 minute"},"schema":{"@context":"https:\/\/schema.org","@graph":[{"@type":"WebPage","@id":"https:\/\/contenedoresics.com\/usos\/","url":"https:\/\/contenedoresics.com\/usos\/","name":"Usos - Contenedores ICS - Intermodal &amp; Containers Service","isPartOf":{"@id":"https:\/\/contenedoresics.com\/#website"},"datePublished":"2017-08-16T18:48:44+00:00","dateModified":"2022-08-01T22:44:28+00:00","description":"Usos - Venta y Alquiler de Contenedores Secos, Refrigerados, Nuevos, Usados, casas, ofinas, apartamentos, Costa Rica, Contenedores ICS.","breadcrumb":{"@id":"https:\/\/contenedoresics.com\/usos\/#breadcrumb"},"inLanguage":"en-US","potentialAction":[{"@type":"ReadAction","target":["https:\/\/contenedoresics.com\/usos\/"]}]},{"@type":"BreadcrumbList","@id":"https:\/\/contenedoresics.com\/usos\/#breadcrumb","itemListElement":[{"@type":"ListItem","position":1,"name":"Portada","item":"https:\/\/contenedoresics.com\/"},{"@type":"ListItem","position":2,"name":"Usos"}]},{"@type":"WebSite","@id":"https:\/\/contenedoresics.com\/#website","url":"https:\/\/contenedoresics.com\/","name":"Contenedores ICS - Intermodal &amp; Containers Service","description":"Venta y Alquiler de Contenedores Secos, Refrigerados, Nuevos, Usados, casas, ofinas, apartamentos, Costa Rica, Contenedores ICS. Contenedores Costa Rica","publisher":{"@id":"https:\/\/contenedoresics.com\/#organization"},"potentialAction":[{"@type":"SearchAction","target":{"@type":"EntryPoint","urlTemplate":"https:\/\/contenedoresics.com\/?s={search_term_string}"},"query-input":"required name=search_term_string"}],"inLanguage":"en-US"},{"@type":"Organization","@id":"https:\/\/contenedoresics.com\/#organization","name":"Intermodal & Containers Service, S.A.","url":"https:\/\/contenedoresics.com\/","logo":{"@type":"ImageObject","inLanguage":"en-US","@id":"https:\/\/contenedoresics.com\/#\/schema\/logo\/image\/","url":"https:\/\/contenedoresics.com\/wp-content\/uploads\/2017\/08\/logo-contenedores-ics-02.png","contentUrl":"https:\/\/contenedoresics.com\/wp-content\/uploads\/2017\/08\/logo-contenedores-ics-02.png","width":219,"height":81,"caption":"Intermodal & Containers Service, S.A."},"image":{"@id":"https:\/\/contenedoresics.com\/#\/schema\/logo\/image\/"},"sameAs":["https:\/\/www.instagram.com\/contenedores_ics\/","https:\/\/www.facebook.com\/contenedoresCR\/","https:\/\/twitter.com\/Contenedores_IC"]}]}},"_links":{"self":[{"href":"https:\/\/contenedoresics.com\/en\/wp-json\/wp\/v2\/pages\/3356"}],"collection":[{"href":"https:\/\/contenedoresics.com\/en\/wp-json\/wp\/v2\/pages"}],"about":[{"href":"https:\/\/contenedoresics.com\/en\/wp-json\/wp\/v2\/types\/page"}],"author":[{"embeddable":true,"href":"https:\/\/contenedoresics.com\/en\/wp-json\/wp\/v2\/users\/1"}],"replies":[{"embeddable":true,"href":"https:\/\/contenedoresics.com\/en\/wp-json\/wp\/v2\/comments?post=3356"}],"version-history":[{"count":16,"href":"https:\/\/contenedoresics.com\/en\/wp-json\/wp\/v2\/pages\/3356\/revisions"}],"predecessor-version":[{"id":3812,"href":"https:\/\/contenedoresics.com\/en\/wp-json\/wp\/v2\/pages\/3356\/revisions\/3812"}],"wp:featuredmedia":[{"embeddable":true,"href":"https:\/\/contenedoresics.com\/en\/wp-json\/wp\/v2\/media\/3358"}],"wp:attachment":[{"href":"https:\/\/contenedoresics.com\/en\/wp-json\/wp\/v2\/media?parent=3356"}],"curies":[{"name":"wp","href":"https:\/\/api.w.org\/{rel}","templated":true}]}}