{"id":3447,"date":"2017-09-26T23:18:33","date_gmt":"2017-09-26T23:18:33","guid":{"rendered":"https:\/\/contenedoresics.com\/2017\/?page_id=3447"},"modified":"2024-07-03T17:44:42","modified_gmt":"2024-07-03T23:44:42","slug":"preguntas-frecuentes","status":"publish","type":"page","link":"https:\/\/contenedoresics.com\/en\/preguntas-frecuentes\/","title":{"rendered":"Frequently Asked Questions"},"content":{"rendered":"<section class=\"wpb-content-wrapper\"><div id=\"fb-root\"><\/div>\n<div class=\"vc_row wpb_row vc_row-fluid vc_custom_1506636651579\"><div class=\"wpb_column vc_column_container vc_col-sm-12\"><div class=\"vc_column-inner\"><div class=\"wpb_wrapper\">\n\t<div class=\"wpb_text_column wpb_content_element\" >\n\t\t<div class=\"wpb_wrapper\">\n\t\t\t<p style=\"text-align: center;\"><span style=\"font-size: 18pt;\">Installation Refrigerated Container<\/span><\/p>\n\n\t\t<\/div>\n\t<\/div>\n<\/div><\/div><\/div><\/div><div class=\"vc_row wpb_row vc_row-fluid container vc_custom_1628706201320\"><div class=\"wpb_column vc_column_container vc_col-sm-12\"><div class=\"vc_column-inner\"><div class=\"wpb_wrapper\"><div class=\"vc_row wpb_row vc_inner vc_row-fluid\"><div class=\"wpb_column vc_column_container vc_col-sm-6\"><div class=\"vc_column-inner\"><div class=\"wpb_wrapper\">\n\t<div class=\"wpb_text_column wpb_content_element  wpb_animate_when_almost_visible wpb_fadeIn fadeIn\" >\n\t\t<div class=\"wpb_wrapper\">\n\t\t\t<p style=\"text-align: center;\"><span style=\"font-size: 16pt; color: #1b5da0;\">What is the use of a Reefer?<\/span><\/p>\n<p style=\"text-align: justify;\">A reefer 40 feet consumes an average of 7 km\/hour worked, while in regime, when it reaches the desired temperature (set point) to automatically.<\/p>\n\n\t\t<\/div>\n\t<\/div>\n\n\t<div class=\"wpb_text_column wpb_content_element  wpb_animate_when_almost_visible wpb_fadeIn fadeIn\" >\n\t\t<div class=\"wpb_wrapper\">\n\t\t\t<p style=\"text-align: center;\"><span style=\"font-size: 16pt; color: #1b5da0;\">What is required to implement a Reefer?<\/span><\/p>\n<p style=\"text-align: justify;\">There must be a supply of three-phase power equivalent to 15 kw or higher to support the initial set up of the engines.<\/p>\n<p style=\"text-align: justify;\">Can be connected with other machines, a time that the facilities are adequate and safe. Improper connections can cause poor contact and impair the functioning of the Containers, causing the burning of the electronic boards of the control of the temperature as well as other components.<\/p>\n<p style=\"text-align: justify;\">The container has 1 cable, black is to be connected to 460 or 480 volt. This cable is 4 x 6 mm, three-phase and one earth that also needs to be connected.<\/p>\n\n\t\t<\/div>\n\t<\/div>\n\n\t<div class=\"wpb_text_column wpb_content_element  wpb_animate_when_almost_visible wpb_fadeIn fadeIn\" >\n\t\t<div class=\"wpb_wrapper\">\n\t\t\t<p style=\"text-align: center;\"><span style=\"font-size: 16pt; color: #1b5da0;\">What circuit should I use it?<\/span><\/p>\n<p style=\"text-align: justify;\">In 460 or 480 volts should be using a circuit breaker three-pole 32 to 40 amps.<\/p>\n\n\t\t<\/div>\n\t<\/div>\n\n\t<div class=\"wpb_text_column wpb_content_element  wpb_animate_when_almost_visible wpb_fadeIn fadeIn\" >\n\t\t<div class=\"wpb_wrapper\">\n\t\t\t<p style=\"text-align: center;\"><span style=\"font-size: 16pt; color: #1b5da0;\">What are the main care should I take after the<br \/>\ninstallation of a container?<\/span><\/p>\n<p style=\"text-align: justify;\">Wash the condenser (a kind of radiator that is located with the engine) at least once a week and cleaning of the engines of the evaporators.<\/p>\n<p style=\"text-align: justify;\">The cooling unit should be more than 5 feet away from a wall of cement or other materials.<\/p>\n<p style=\"text-align: justify;\">In the space provided to be put in the container must have air inlets or good ventilation.<\/p>\n\n\t\t<\/div>\n\t<\/div>\n\n\t<div class=\"wpb_text_column wpb_content_element  wpb_animate_when_almost_visible wpb_fadeIn fadeIn\" >\n\t\t<div class=\"wpb_wrapper\">\n\t\t\t<p style=\"text-align: center;\"><span style=\"font-size: 18pt; color: #1b5da0;\">What voltage works a Reefer?<\/span><\/p>\n<p style=\"text-align: justify;\">The Reefers are working with three-phase power and the voltage of 460 to 480 and 32 Amps.<\/p>\n\n\t\t<\/div>\n\t<\/div>\n<\/div><\/div><\/div><div class=\"producto-informacion wpb_column vc_column_container vc_col-sm-6\"><div class=\"vc_column-inner\"><div class=\"wpb_wrapper\">\n\t<div class=\"wpb_text_column wpb_content_element  wpb_animate_when_almost_visible wpb_fadeIn fadeIn\" >\n\t\t<div class=\"wpb_wrapper\">\n\t\t\t<p style=\"text-align: center;\"><span style=\"font-size: 16pt; color: #1b5da0;\">Photo illustrative of 1 x 40\u2019 HC REFRIGERATED<\/span><\/p>\n\n\t\t<\/div>\n\t<\/div>\n\n\t<div  class=\"wpb_single_image wpb_content_element vc_align_center  wpb_animate_when_almost_visible wpb_fadeIn fadeIn\">\n\t\t\n\t\t<figure class=\"wpb_wrapper vc_figure\">\n\t\t\t<div class=\"vc_single_image-wrapper   vc_box_border_grey\"><img width=\"496\" height=\"276\" src=\"https:\/\/contenedoresics.com\/wp-content\/uploads\/2017\/09\/CONTENEDOR-REFRIGERADO.jpg\" class=\"vc_single_image-img attachment-full\" alt=\"\" decoding=\"async\" loading=\"lazy\" title=\"REFRIGERATED CONTAINER\" srcset=\"https:\/\/contenedoresics.com\/wp-content\/uploads\/2017\/09\/CONTENEDOR-REFRIGERADO.jpg 496w, https:\/\/contenedoresics.com\/wp-content\/uploads\/2017\/09\/CONTENEDOR-REFRIGERADO-300x167.jpg 300w, https:\/\/contenedoresics.com\/wp-content\/uploads\/2017\/09\/CONTENEDOR-REFRIGERADO-18x10.jpg 18w\" sizes=\"(max-width: 496px) 100vw, 496px\" \/><\/div>\n\t\t<\/figure>\n\t<\/div>\n\n\t<div  class=\"wpb_single_image wpb_content_element vc_align_center  wpb_animate_when_almost_visible wpb_fadeIn fadeIn\">\n\t\t\n\t\t<figure class=\"wpb_wrapper vc_figure\">\n\t\t\t<a class=\"\" data-lightbox=\"lightbox[rel-3447-831557303]\" href=\"https:\/\/contenedoresics.com\/wp-content\/uploads\/2017\/07\/contenedor-refrigerado-40-informacion-1024x94.jpg\" target=\"_self\"><img width=\"1140\" height=\"105\" src=\"https:\/\/contenedoresics.com\/wp-content\/uploads\/2017\/07\/contenedor-refrigerado-40-informacion.jpg\" class=\"vc_single_image-img attachment-full\" alt=\"\" decoding=\"async\" loading=\"lazy\" title=\"Information Refrigerated Container 40&#039;\" srcset=\"https:\/\/contenedoresics.com\/wp-content\/uploads\/2017\/07\/contenedor-refrigerado-40-informacion.jpg 1140w, https:\/\/contenedoresics.com\/wp-content\/uploads\/2017\/07\/contenedor-refrigerado-40-informacion-300x28.jpg 300w, https:\/\/contenedoresics.com\/wp-content\/uploads\/2017\/07\/contenedor-refrigerado-40-informacion-768x71.jpg 768w, https:\/\/contenedoresics.com\/wp-content\/uploads\/2017\/07\/contenedor-refrigerado-40-informacion-1024x94.jpg 1024w, https:\/\/contenedoresics.com\/wp-content\/uploads\/2017\/07\/contenedor-refrigerado-40-informacion-18x2.jpg 18w\" sizes=\"(max-width: 1140px) 100vw, 1140px\" \/><\/a>\n\t\t<\/figure>\n\t<\/div>\n\n\t<div class=\"wpb_text_column wpb_content_element\" >\n\t\t<div class=\"wpb_wrapper\">\n\t\t\t<p><strong>Click to see the full picture of information.<\/strong><\/p>\n\n\t\t<\/div>\n\t<\/div>\n<\/div><\/div><\/div><\/div><\/div><\/div><\/div><\/div>\n<\/section>","protected":false},"excerpt":{"rendered":"Instalaci\u00f3n Contenedor Refrigerado \u00bfCu\u00e1l es el consumo de un Reefer? Un reefer de 40 pies consume en promedio 7 kw\/hora trabajada estando en r\u00e9gimen, cuando \u00e9ste llega a la temperatura deseada (set point) para autom\u00e1ticamente. \u00bfQu\u00e9 es necesario para poner en marcha un Reefer? Debe haber suministro de energ\u00eda trif\u00e1sica equivalente a 15 kw o [...]","protected":false},"author":1,"featured_media":3449,"parent":0,"menu_order":0,"comment_status":"closed","ping_status":"closed","template":"templates\/fullwidth-template.php","meta":[],"yoast_head":"<!-- This site is optimized with the Yoast SEO plugin v19.10 - https:\/\/yoast.com\/wordpress\/plugins\/seo\/ -->\n<title>Preguntas Frecuentes - Intermodal &amp; Containers Service<\/title>\n<meta name=\"description\" content=\"Preguntas Frecuentes - Venta Alquiler de Contenedores Secos, Refrigerados, Nuevos, Usados, casas, ofinas, apartamentos, Costa Rica, Contenedores ICS. Reefer\" \/>\n<meta name=\"robots\" content=\"index, follow, max-snippet:-1, max-image-preview:large, max-video-preview:-1\" \/>\n<link rel=\"canonical\" href=\"https:\/\/contenedoresics.com\/en\/preguntas-frecuentes\/\" \/>\n<meta property=\"og:locale\" content=\"en_US\" \/>\n<meta property=\"og:type\" content=\"article\" \/>\n<meta property=\"og:title\" content=\"Preguntas Frecuentes - Intermodal &amp; Containers Service\" \/>\n<meta property=\"og:description\" content=\"Preguntas Frecuentes - Venta Alquiler de Contenedores Secos, Refrigerados, Nuevos, Usados, casas, ofinas, apartamentos, Costa Rica, Contenedores ICS. Reefer\" \/>\n<meta property=\"og:url\" content=\"https:\/\/contenedoresics.com\/en\/preguntas-frecuentes\/\" \/>\n<meta property=\"og:site_name\" content=\"Contenedores ICS - Intermodal &amp; Containers Service\" \/>\n<meta property=\"article:publisher\" content=\"https:\/\/www.facebook.com\/contenedoresCR\/\" \/>\n<meta property=\"article:modified_time\" content=\"2024-07-03T23:44:42+00:00\" \/>\n<meta property=\"og:image\" content=\"https:\/\/contenedoresics.com\/wp-content\/uploads\/2017\/09\/PREGUNTAS-FRECUENTES.jpg\" \/>\n\t<meta property=\"og:image:width\" content=\"1920\" \/>\n\t<meta property=\"og:image:height\" content=\"498\" \/>\n\t<meta property=\"og:image:type\" content=\"image\/jpeg\" \/>\n<meta name=\"twitter:card\" content=\"summary_large_image\" \/>\n<meta name=\"twitter:site\" content=\"@Contenedores_IC\" \/>\n<meta name=\"twitter:label1\" content=\"Est. reading time\" \/>\n\t<meta name=\"twitter:data1\" content=\"2 minutes\" \/>\n<script type=\"application\/ld+json\" class=\"yoast-schema-graph\">{\"@context\":\"https:\/\/schema.org\",\"@graph\":[{\"@type\":\"WebPage\",\"@id\":\"https:\/\/contenedoresics.com\/preguntas-frecuentes\/\",\"url\":\"https:\/\/contenedoresics.com\/preguntas-frecuentes\/\",\"name\":\"Preguntas Frecuentes - Intermodal & Containers Service\",\"isPartOf\":{\"@id\":\"https:\/\/contenedoresics.com\/#website\"},\"datePublished\":\"2017-09-26T23:18:33+00:00\",\"dateModified\":\"2024-07-03T23:44:42+00:00\",\"description\":\"Preguntas Frecuentes - Venta Alquiler de Contenedores Secos, Refrigerados, Nuevos, Usados, casas, ofinas, apartamentos, Costa Rica, Contenedores ICS. Reefer\",\"breadcrumb\":{\"@id\":\"https:\/\/contenedoresics.com\/preguntas-frecuentes\/#breadcrumb\"},\"inLanguage\":\"en-US\",\"potentialAction\":[{\"@type\":\"ReadAction\",\"target\":[\"https:\/\/contenedoresics.com\/preguntas-frecuentes\/\"]}]},{\"@type\":\"BreadcrumbList\",\"@id\":\"https:\/\/contenedoresics.com\/preguntas-frecuentes\/#breadcrumb\",\"itemListElement\":[{\"@type\":\"ListItem\",\"position\":1,\"name\":\"Portada\",\"item\":\"https:\/\/contenedoresics.com\/\"},{\"@type\":\"ListItem\",\"position\":2,\"name\":\"Preguntas Frecuentes\"}]},{\"@type\":\"WebSite\",\"@id\":\"https:\/\/contenedoresics.com\/#website\",\"url\":\"https:\/\/contenedoresics.com\/\",\"name\":\"Contenedores ICS - Intermodal &amp; Containers Service\",\"description\":\"Venta y Alquiler de Contenedores Secos, Refrigerados, Nuevos, Usados, casas, ofinas, apartamentos, Costa Rica, Contenedores ICS. Contenedores Costa Rica\",\"publisher\":{\"@id\":\"https:\/\/contenedoresics.com\/#organization\"},\"potentialAction\":[{\"@type\":\"SearchAction\",\"target\":{\"@type\":\"EntryPoint\",\"urlTemplate\":\"https:\/\/contenedoresics.com\/?s={search_term_string}\"},\"query-input\":\"required name=search_term_string\"}],\"inLanguage\":\"en-US\"},{\"@type\":\"Organization\",\"@id\":\"https:\/\/contenedoresics.com\/#organization\",\"name\":\"Intermodal & Containers Service, S.A.\",\"url\":\"https:\/\/contenedoresics.com\/\",\"logo\":{\"@type\":\"ImageObject\",\"inLanguage\":\"en-US\",\"@id\":\"https:\/\/contenedoresics.com\/#\/schema\/logo\/image\/\",\"url\":\"https:\/\/contenedoresics.com\/wp-content\/uploads\/2017\/08\/logo-contenedores-ics-02.png\",\"contentUrl\":\"https:\/\/contenedoresics.com\/wp-content\/uploads\/2017\/08\/logo-contenedores-ics-02.png\",\"width\":219,\"height\":81,\"caption\":\"Intermodal & Containers Service, S.A.\"},\"image\":{\"@id\":\"https:\/\/contenedoresics.com\/#\/schema\/logo\/image\/\"},\"sameAs\":[\"https:\/\/www.instagram.com\/contenedores_ics\/\",\"https:\/\/www.facebook.com\/contenedoresCR\/\",\"https:\/\/twitter.com\/Contenedores_IC\"]}]}<\/script>\n<!-- \/ Yoast SEO plugin. -->","yoast_head_json":{"title":"Preguntas Frecuentes - Intermodal & Containers Service","description":"Preguntas Frecuentes - Venta Alquiler de Contenedores Secos, Refrigerados, Nuevos, Usados, casas, ofinas, apartamentos, Costa Rica, Contenedores ICS. Reefer","robots":{"index":"index","follow":"follow","max-snippet":"max-snippet:-1","max-image-preview":"max-image-preview:large","max-video-preview":"max-video-preview:-1"},"canonical":"https:\/\/contenedoresics.com\/en\/preguntas-frecuentes\/","og_locale":"en_US","og_type":"article","og_title":"Preguntas Frecuentes - Intermodal & Containers Service","og_description":"Preguntas Frecuentes - Venta Alquiler de Contenedores Secos, Refrigerados, Nuevos, Usados, casas, ofinas, apartamentos, Costa Rica, Contenedores ICS. Reefer","og_url":"https:\/\/contenedoresics.com\/en\/preguntas-frecuentes\/","og_site_name":"Contenedores ICS - Intermodal &amp; Containers Service","article_publisher":"https:\/\/www.facebook.com\/contenedoresCR\/","article_modified_time":"2024-07-03T23:44:42+00:00","og_image":[{"width":1920,"height":498,"url":"https:\/\/contenedoresics.com\/wp-content\/uploads\/2017\/09\/PREGUNTAS-FRECUENTES.jpg","type":"image\/jpeg"}],"twitter_card":"summary_large_image","twitter_site":"@Contenedores_IC","twitter_misc":{"Est. reading time":"2 minutes"},"schema":{"@context":"https:\/\/schema.org","@graph":[{"@type":"WebPage","@id":"https:\/\/contenedoresics.com\/preguntas-frecuentes\/","url":"https:\/\/contenedoresics.com\/preguntas-frecuentes\/","name":"Preguntas Frecuentes - Intermodal & Containers Service","isPartOf":{"@id":"https:\/\/contenedoresics.com\/#website"},"datePublished":"2017-09-26T23:18:33+00:00","dateModified":"2024-07-03T23:44:42+00:00","description":"Preguntas Frecuentes - Venta Alquiler de Contenedores Secos, Refrigerados, Nuevos, Usados, casas, ofinas, apartamentos, Costa Rica, Contenedores ICS. Reefer","breadcrumb":{"@id":"https:\/\/contenedoresics.com\/preguntas-frecuentes\/#breadcrumb"},"inLanguage":"en-US","potentialAction":[{"@type":"ReadAction","target":["https:\/\/contenedoresics.com\/preguntas-frecuentes\/"]}]},{"@type":"BreadcrumbList","@id":"https:\/\/contenedoresics.com\/preguntas-frecuentes\/#breadcrumb","itemListElement":[{"@type":"ListItem","position":1,"name":"Portada","item":"https:\/\/contenedoresics.com\/"},{"@type":"ListItem","position":2,"name":"Preguntas Frecuentes"}]},{"@type":"WebSite","@id":"https:\/\/contenedoresics.com\/#website","url":"https:\/\/contenedoresics.com\/","name":"Contenedores ICS - Intermodal &amp; Containers Service","description":"Venta y Alquiler de Contenedores Secos, Refrigerados, Nuevos, Usados, casas, ofinas, apartamentos, Costa Rica, Contenedores ICS. Contenedores Costa Rica","publisher":{"@id":"https:\/\/contenedoresics.com\/#organization"},"potentialAction":[{"@type":"SearchAction","target":{"@type":"EntryPoint","urlTemplate":"https:\/\/contenedoresics.com\/?s={search_term_string}"},"query-input":"required name=search_term_string"}],"inLanguage":"en-US"},{"@type":"Organization","@id":"https:\/\/contenedoresics.com\/#organization","name":"Intermodal & Containers Service, S.A.","url":"https:\/\/contenedoresics.com\/","logo":{"@type":"ImageObject","inLanguage":"en-US","@id":"https:\/\/contenedoresics.com\/#\/schema\/logo\/image\/","url":"https:\/\/contenedoresics.com\/wp-content\/uploads\/2017\/08\/logo-contenedores-ics-02.png","contentUrl":"https:\/\/contenedoresics.com\/wp-content\/uploads\/2017\/08\/logo-contenedores-ics-02.png","width":219,"height":81,"caption":"Intermodal & Containers Service, S.A."},"image":{"@id":"https:\/\/contenedoresics.com\/#\/schema\/logo\/image\/"},"sameAs":["https:\/\/www.instagram.com\/contenedores_ics\/","https:\/\/www.facebook.com\/contenedoresCR\/","https:\/\/twitter.com\/Contenedores_IC"]}]}},"_links":{"self":[{"href":"https:\/\/contenedoresics.com\/en\/wp-json\/wp\/v2\/pages\/3447"}],"collection":[{"href":"https:\/\/contenedoresics.com\/en\/wp-json\/wp\/v2\/pages"}],"about":[{"href":"https:\/\/contenedoresics.com\/en\/wp-json\/wp\/v2\/types\/page"}],"author":[{"embeddable":true,"href":"https:\/\/contenedoresics.com\/en\/wp-json\/wp\/v2\/users\/1"}],"replies":[{"embeddable":true,"href":"https:\/\/contenedoresics.com\/en\/wp-json\/wp\/v2\/comments?post=3447"}],"version-history":[{"count":13,"href":"https:\/\/contenedoresics.com\/en\/wp-json\/wp\/v2\/pages\/3447\/revisions"}],"predecessor-version":[{"id":3992,"href":"https:\/\/contenedoresics.com\/en\/wp-json\/wp\/v2\/pages\/3447\/revisions\/3992"}],"wp:featuredmedia":[{"embeddable":true,"href":"https:\/\/contenedoresics.com\/en\/wp-json\/wp\/v2\/media\/3449"}],"wp:attachment":[{"href":"https:\/\/contenedoresics.com\/en\/wp-json\/wp\/v2\/media?parent=3447"}],"curies":[{"name":"wp","href":"https:\/\/api.w.org\/{rel}","templated":true}]}}